{"id":1753,"date":"2019-04-01T10:37:07","date_gmt":"2019-04-01T08:37:07","guid":{"rendered":"https:\/\/avsec.pl\/szkolenia\/"},"modified":"2025-12-11T09:29:57","modified_gmt":"2025-12-11T08:29:57","slug":"training","status":"publish","type":"page","link":"https:\/\/avsec.pl\/en\/training\/","title":{"rendered":"Training"},"content":{"rendered":"\n<div class=\"b-bg \">\n    <div class=\"b-bg-apla\"\n        style=\"background-color:; height:100%; top:0;; background-image:url() \">\n    <\/div>\n        <div class=\"container-narrow\">\n        \n\n<p class=\"has-text-align-center\"><strong>As the only provider on the market, we offer periodic e-learning training approved by the President of the Civil Aviation Authority, ensuring maximum convenience and full regulatory compliance.<\/strong><\/p>\n\n\n\n<p class=\"has-text-align-center\">Explore our unique Avsec.pl training offer below and elevate your organization\u2019s aviation security expertise.<\/p>\n\n\n\n<div id=\"sep-block_816d27ecaac3275fb93b4b82258d984b\" class=\"custome-separator  sep-50\"><\/div>\n\n    <\/div>\n    <\/div>\n\n<!-- \ud83d\udd39 POSTY -->\n<div id=\"pages-list\" class=\"posts-container szkolenia-grid\">\n    <article class=\"b-service\">\n    <div class=\"b-service__image\">\n        <a href=\"https:\/\/avsec.pl\/en\/training\/auditors-training\/\">\n                            <img loading=\"lazy\" decoding=\"async\" width=\"900\" height=\"500\" src=\"https:\/\/avsec.pl\/wp-content\/uploads\/2025\/10\/szkolenie-2.png\" class=\"attachment-full size-full wp-post-image\" alt=\"\" srcset=\"https:\/\/avsec.pl\/wp-content\/uploads\/2025\/10\/szkolenie-2.png 900w, https:\/\/avsec.pl\/wp-content\/uploads\/2025\/10\/szkolenie-2-300x167.png 300w, https:\/\/avsec.pl\/wp-content\/uploads\/2025\/10\/szkolenie-2-768x427.png 768w\" sizes=\"auto, (max-width: 900px) 100vw, 900px\" \/>                    <\/a>\n    <\/div>\n    <div class=\"b-service-conent\">\n                    <h2>\n                <a href=\"https:\/\/avsec.pl\/en\/training\/auditors-training\/\">\n                    Auditors Training                <\/a>\n            <\/h2>\n                <div class=\"b-service-conent__button\">\n            <p>Internal Auditors Training in Civil Aviation Security Quality Control in accordance with \u00a72 point 7 of the National Civil Aviation Security Training Programme (NCASTP, in polish KPS).<\/p>\n            <a class=\"btn btn-primary\" href=\"https:\/\/avsec.pl\/en\/training\/auditors-training\/\">\n                Read more            <\/a>\n        <\/div>\n    <\/div>\n    <\/article><article class=\"b-service\">\n    <div class=\"b-service__image\">\n        <a href=\"https:\/\/avsec.pl\/en\/training\/basic-training\/\">\n                            <img loading=\"lazy\" decoding=\"async\" width=\"1200\" height=\"896\" src=\"https:\/\/avsec.pl\/wp-content\/uploads\/2025\/11\/szkolenie-podstawowe.png\" class=\"attachment-full size-full wp-post-image\" alt=\"\" srcset=\"https:\/\/avsec.pl\/wp-content\/uploads\/2025\/11\/szkolenie-podstawowe.png 1200w, https:\/\/avsec.pl\/wp-content\/uploads\/2025\/11\/szkolenie-podstawowe-300x224.png 300w, https:\/\/avsec.pl\/wp-content\/uploads\/2025\/11\/szkolenie-podstawowe-1024x765.png 1024w, https:\/\/avsec.pl\/wp-content\/uploads\/2025\/11\/szkolenie-podstawowe-768x573.png 768w\" sizes=\"auto, (max-width: 1200px) 100vw, 1200px\" \/>                    <\/a>\n    <\/div>\n    <div class=\"b-service-conent\">\n                    <h2>\n                <a href=\"https:\/\/avsec.pl\/en\/training\/basic-training\/\">\n                    Basic Training                <\/a>\n            <\/h2>\n                <div class=\"b-service-conent__button\">\n            <p>Basic training of persons performing tasks as listed in points 11.2.3.1, 11.2.3.4 and 11.2.3.5 as well as in points 11.2.4, 11.2.5 and 11.5, in accordance with point 11.2.2 of the Annex to Regulation 2015\/1998 and \u00a72 point 3 of  the National Civil Aviation Security Training Programme (NCASTP, in polish KPS)<\/p>\n            <a class=\"btn btn-primary\" href=\"https:\/\/avsec.pl\/en\/training\/basic-training\/\">\n                Read more            <\/a>\n        <\/div>\n    <\/div>\n    <\/article><article class=\"b-service\">\n    <div class=\"b-service__image\">\n        <a href=\"https:\/\/avsec.pl\/en\/training\/civil-aviation-security-awareness-training\/\">\n                            <img loading=\"lazy\" decoding=\"async\" width=\"1184\" height=\"864\" src=\"https:\/\/avsec.pl\/wp-content\/uploads\/2025\/11\/Firefly_Foto-ludzi-pracujacych-w-strefie-ogolnodostepnej-lotniska-sklepach-itp.-871422.png\" class=\"attachment-full size-full wp-post-image\" alt=\"\" srcset=\"https:\/\/avsec.pl\/wp-content\/uploads\/2025\/11\/Firefly_Foto-ludzi-pracujacych-w-strefie-ogolnodostepnej-lotniska-sklepach-itp.-871422.png 1184w, https:\/\/avsec.pl\/wp-content\/uploads\/2025\/11\/Firefly_Foto-ludzi-pracujacych-w-strefie-ogolnodostepnej-lotniska-sklepach-itp.-871422-300x219.png 300w, https:\/\/avsec.pl\/wp-content\/uploads\/2025\/11\/Firefly_Foto-ludzi-pracujacych-w-strefie-ogolnodostepnej-lotniska-sklepach-itp.-871422-1024x747.png 1024w, https:\/\/avsec.pl\/wp-content\/uploads\/2025\/11\/Firefly_Foto-ludzi-pracujacych-w-strefie-ogolnodostepnej-lotniska-sklepach-itp.-871422-768x560.png 768w\" sizes=\"auto, (max-width: 1184px) 100vw, 1184px\" \/>                    <\/a>\n    <\/div>\n    <div class=\"b-service-conent\">\n                    <h2>\n                <a href=\"https:\/\/avsec.pl\/en\/training\/civil-aviation-security-awareness-training\/\">\n                    Civil Aviation Security Awareness Training                <\/a>\n            <\/h2>\n                <div class=\"b-service-conent__button\">\n            <p>Training of Persons Other Than Passengers Requiring Unescorted Access to Security-Restricted Areas \u2013 Civil Aviation Security Awareness Training, in accordance with point 11.2.6 of the Annex to Regulation 2015\/1998 and \u00a72 point 2 of the National Civil Aviation Security Training Programme (NCASTP, in polish KPS).<\/p>\n            <a class=\"btn btn-primary\" href=\"https:\/\/avsec.pl\/en\/training\/civil-aviation-security-awareness-training\/\">\n                Read more            <\/a>\n        <\/div>\n    <\/div>\n    <\/article><article class=\"b-service\">\n    <div class=\"b-service__image\">\n        <a href=\"https:\/\/avsec.pl\/en\/training\/instructor-training\/\">\n                            <img loading=\"lazy\" decoding=\"async\" width=\"1200\" height=\"896\" src=\"https:\/\/avsec.pl\/wp-content\/uploads\/2025\/10\/Firefly_Gemini-Flash_potrzebuje-zdjecie-wysruzniajace-na-podstrone-szkolenia-Szkolenie-instruktorow.-Na-po-383100.png\" class=\"attachment-full size-full wp-post-image\" alt=\"\" srcset=\"https:\/\/avsec.pl\/wp-content\/uploads\/2025\/10\/Firefly_Gemini-Flash_potrzebuje-zdjecie-wysruzniajace-na-podstrone-szkolenia-Szkolenie-instruktorow.-Na-po-383100.png 1200w, https:\/\/avsec.pl\/wp-content\/uploads\/2025\/10\/Firefly_Gemini-Flash_potrzebuje-zdjecie-wysruzniajace-na-podstrone-szkolenia-Szkolenie-instruktorow.-Na-po-383100-300x224.png 300w, https:\/\/avsec.pl\/wp-content\/uploads\/2025\/10\/Firefly_Gemini-Flash_potrzebuje-zdjecie-wysruzniajace-na-podstrone-szkolenia-Szkolenie-instruktorow.-Na-po-383100-1024x765.png 1024w, https:\/\/avsec.pl\/wp-content\/uploads\/2025\/10\/Firefly_Gemini-Flash_potrzebuje-zdjecie-wysruzniajace-na-podstrone-szkolenia-Szkolenie-instruktorow.-Na-po-383100-768x573.png 768w\" sizes=\"auto, (max-width: 1200px) 100vw, 1200px\" \/>                    <\/a>\n    <\/div>\n    <div class=\"b-service-conent\">\n                    <h2>\n                <a href=\"https:\/\/avsec.pl\/en\/training\/instructor-training\/\">\n                    Instructor Training                <\/a>\n            <\/h2>\n                <div class=\"b-service-conent__button\">\n            <p>Instructor Training in Civil Aviation Security in accordance with \u00a72 point 6 of the National Civil Aviation Security Training Programme (NCASTP, in polish KPS).<\/p>\n            <a class=\"btn btn-primary\" href=\"https:\/\/avsec.pl\/en\/training\/instructor-training\/\">\n                Read more            <\/a>\n        <\/div>\n    <\/div>\n    <\/article><article class=\"b-service\">\n    <div class=\"b-service__image\">\n        <a href=\"https:\/\/avsec.pl\/en\/training\/security-managers-training\/\">\n                            <img loading=\"lazy\" decoding=\"async\" width=\"1184\" height=\"864\" src=\"https:\/\/avsec.pl\/wp-content\/uploads\/2025\/11\/Firefly_Gemini-Flash.png\" class=\"attachment-full size-full wp-post-image\" alt=\"\" srcset=\"https:\/\/avsec.pl\/wp-content\/uploads\/2025\/11\/Firefly_Gemini-Flash.png 1184w, https:\/\/avsec.pl\/wp-content\/uploads\/2025\/11\/Firefly_Gemini-Flash-300x219.png 300w, https:\/\/avsec.pl\/wp-content\/uploads\/2025\/11\/Firefly_Gemini-Flash-1024x747.png 1024w, https:\/\/avsec.pl\/wp-content\/uploads\/2025\/11\/Firefly_Gemini-Flash-768x560.png 768w\" sizes=\"auto, (max-width: 1184px) 100vw, 1184px\" \/>                    <\/a>\n    <\/div>\n    <div class=\"b-service-conent\">\n                    <h2>\n                <a href=\"https:\/\/avsec.pl\/en\/training\/security-managers-training\/\">\n                    Security Managers Training                <\/a>\n            <\/h2>\n                <div class=\"b-service-conent__button\">\n            <p>Specific training for persons with general responsibility at national or local level for ensuring that a security programme and its implementation meet all legal provisions (security managers), in accordance with point 11.2.5 of the Annex to Regulation 2015\/1998 and \u00a72 point 5 (b) of the National Civil Aviation Security Training Programme (NCASTP, in polish KPS)<\/p>\n            <a class=\"btn btn-primary\" href=\"https:\/\/avsec.pl\/en\/training\/security-managers-training\/\">\n                Read more            <\/a>\n        <\/div>\n    <\/div>\n    <\/article><article class=\"b-service\">\n    <div class=\"b-service__image\">\n        <a href=\"https:\/\/avsec.pl\/en\/training\/specific-professional-training-spx\/\">\n                            <img loading=\"lazy\" decoding=\"async\" width=\"1184\" height=\"864\" src=\"https:\/\/avsec.pl\/wp-content\/uploads\/2025\/10\/zaladunek.png\" class=\"attachment-full size-full wp-post-image\" alt=\"\" srcset=\"https:\/\/avsec.pl\/wp-content\/uploads\/2025\/10\/zaladunek.png 1184w, https:\/\/avsec.pl\/wp-content\/uploads\/2025\/10\/zaladunek-300x219.png 300w, https:\/\/avsec.pl\/wp-content\/uploads\/2025\/10\/zaladunek-1024x747.png 1024w, https:\/\/avsec.pl\/wp-content\/uploads\/2025\/10\/zaladunek-768x560.png 768w\" sizes=\"auto, (max-width: 1184px) 100vw, 1184px\" \/>                    <\/a>\n    <\/div>\n    <div class=\"b-service-conent\">\n                    <h2>\n                <a href=\"https:\/\/avsec.pl\/en\/training\/specific-professional-training-spx\/\">\n                    Specific Professional Training &#8211; SPX                <\/a>\n            <\/h2>\n                <div class=\"b-service-conent__button\">\n            <p>Specific professional training of persons with unsupervised access to identifiable air cargo and mail to which the required security controls have been applied and persons implementing security controls for air cargo and mail other than screening in accordance with point 11.2.3.9 of the Annex to Regulation 2015\/1998 and \u00a72 point 4 the National Civil Aviation Security Training Programme (NCASTP, in polish KPS)<\/p>\n            <a class=\"btn btn-primary\" href=\"https:\/\/avsec.pl\/en\/training\/specific-professional-training-spx\/\">\n                Read more            <\/a>\n        <\/div>\n    <\/div>\n    <\/article><article class=\"b-service\">\n    <div class=\"b-service__image\">\n        <a href=\"https:\/\/avsec.pl\/en\/training\/specific-professional-training-supplies\/\">\n                            <img loading=\"lazy\" decoding=\"async\" width=\"1184\" height=\"864\" src=\"https:\/\/avsec.pl\/wp-content\/uploads\/2025\/11\/Firefly_Foto-z-zaopatrzeniem-portu-dostawa-lub-zaopatrzeniem-pokladowym-dostawa-podnoszona-871422.png\" class=\"attachment-full size-full wp-post-image\" alt=\"\" srcset=\"https:\/\/avsec.pl\/wp-content\/uploads\/2025\/11\/Firefly_Foto-z-zaopatrzeniem-portu-dostawa-lub-zaopatrzeniem-pokladowym-dostawa-podnoszona-871422.png 1184w, https:\/\/avsec.pl\/wp-content\/uploads\/2025\/11\/Firefly_Foto-z-zaopatrzeniem-portu-dostawa-lub-zaopatrzeniem-pokladowym-dostawa-podnoszona-871422-300x219.png 300w, https:\/\/avsec.pl\/wp-content\/uploads\/2025\/11\/Firefly_Foto-z-zaopatrzeniem-portu-dostawa-lub-zaopatrzeniem-pokladowym-dostawa-podnoszona-871422-1024x747.png 1024w, https:\/\/avsec.pl\/wp-content\/uploads\/2025\/11\/Firefly_Foto-z-zaopatrzeniem-portu-dostawa-lub-zaopatrzeniem-pokladowym-dostawa-podnoszona-871422-768x560.png 768w\" sizes=\"auto, (max-width: 1184px) 100vw, 1184px\" \/>                    <\/a>\n    <\/div>\n    <div class=\"b-service-conent\">\n                    <h2>\n                <a href=\"https:\/\/avsec.pl\/en\/training\/specific-professional-training-supplies\/\">\n                    Specific Professional Training \u2013 Supplies                <\/a>\n            <\/h2>\n                <div class=\"b-service-conent__button\">\n            <p>\n\nSpecific professional training of persons implementing security controls for air carrier mail and materials, in-flight supplies and airport supplies other than screening in accordance with point 11.2.3.10 of the Annex to Regulation 2015\/1998 and \u00a72 point 4 the National Civil Aviation Security Training Programme (NCASTP, in polish KPS)\n<\/p>\n            <a class=\"btn btn-primary\" href=\"https:\/\/avsec.pl\/en\/training\/specific-professional-training-supplies\/\">\n                Read more            <\/a>\n        <\/div>\n    <\/div>\n    <\/article><article class=\"b-service\">\n    <div class=\"b-service__image\">\n        <a href=\"https:\/\/avsec.pl\/en\/training\/supervisors-training\/\">\n                            <img loading=\"lazy\" decoding=\"async\" width=\"1184\" height=\"864\" src=\"https:\/\/avsec.pl\/wp-content\/uploads\/2025\/11\/Firefly_Foto-przedstawiajace-managera-nadzorujacego-prace-np.-ludzi-pakujacych-cargo-lotnicze-871422.png\" class=\"attachment-full size-full wp-post-image\" alt=\"\" srcset=\"https:\/\/avsec.pl\/wp-content\/uploads\/2025\/11\/Firefly_Foto-przedstawiajace-managera-nadzorujacego-prace-np.-ludzi-pakujacych-cargo-lotnicze-871422.png 1184w, https:\/\/avsec.pl\/wp-content\/uploads\/2025\/11\/Firefly_Foto-przedstawiajace-managera-nadzorujacego-prace-np.-ludzi-pakujacych-cargo-lotnicze-871422-300x219.png 300w, https:\/\/avsec.pl\/wp-content\/uploads\/2025\/11\/Firefly_Foto-przedstawiajace-managera-nadzorujacego-prace-np.-ludzi-pakujacych-cargo-lotnicze-871422-1024x747.png 1024w, https:\/\/avsec.pl\/wp-content\/uploads\/2025\/11\/Firefly_Foto-przedstawiajace-managera-nadzorujacego-prace-np.-ludzi-pakujacych-cargo-lotnicze-871422-768x560.png 768w\" sizes=\"auto, (max-width: 1184px) 100vw, 1184px\" \/>                    <\/a>\n    <\/div>\n    <div class=\"b-service-conent\">\n                    <h2>\n                <a href=\"https:\/\/avsec.pl\/en\/training\/supervisors-training\/\">\n                    Supervisors Training                <\/a>\n            <\/h2>\n                <div class=\"b-service-conent__button\">\n            <p>Specific training for persons directly supervising persons implementing security controls (supervisors) in accordance with point 11.2.4 of the Annex to Regulation 2015\/1998 and \u00a72 point 5 (a) of the National Civil Aviation Security Training Programme (NCASTP, in polish KPS)<\/p>\n            <a class=\"btn btn-primary\" href=\"https:\/\/avsec.pl\/en\/training\/supervisors-training\/\">\n                Read more            <\/a>\n        <\/div>\n    <\/div>\n    <\/article><article class=\"b-service\">\n    <div class=\"b-service__image\">\n        <a href=\"https:\/\/avsec.pl\/en\/training\/general-training\/\">\n                            <img loading=\"lazy\" decoding=\"async\" width=\"1184\" height=\"864\" src=\"https:\/\/avsec.pl\/wp-content\/uploads\/2025\/11\/Firefly_Gemini-Flash_Szkolenie-ogolne-w-zakresie-swiadomosci-ochrony-lotnictwa-cywilnego-zgodnie-z-pkt-11.-965568.png\" class=\"attachment-full size-full wp-post-image\" alt=\"\" srcset=\"https:\/\/avsec.pl\/wp-content\/uploads\/2025\/11\/Firefly_Gemini-Flash_Szkolenie-ogolne-w-zakresie-swiadomosci-ochrony-lotnictwa-cywilnego-zgodnie-z-pkt-11.-965568.png 1184w, https:\/\/avsec.pl\/wp-content\/uploads\/2025\/11\/Firefly_Gemini-Flash_Szkolenie-ogolne-w-zakresie-swiadomosci-ochrony-lotnictwa-cywilnego-zgodnie-z-pkt-11.-965568-300x219.png 300w, https:\/\/avsec.pl\/wp-content\/uploads\/2025\/11\/Firefly_Gemini-Flash_Szkolenie-ogolne-w-zakresie-swiadomosci-ochrony-lotnictwa-cywilnego-zgodnie-z-pkt-11.-965568-1024x747.png 1024w, https:\/\/avsec.pl\/wp-content\/uploads\/2025\/11\/Firefly_Gemini-Flash_Szkolenie-ogolne-w-zakresie-swiadomosci-ochrony-lotnictwa-cywilnego-zgodnie-z-pkt-11.-965568-768x560.png 768w\" sizes=\"auto, (max-width: 1184px) 100vw, 1184px\" \/>                    <\/a>\n    <\/div>\n    <div class=\"b-service-conent\">\n                    <h2>\n                <a href=\"https:\/\/avsec.pl\/en\/training\/general-training\/\">\n                    General Training                <\/a>\n            <\/h2>\n                <div class=\"b-service-conent__button\">\n            <p>Szkolenie og\u00f3lne w zakresie \u015bwiadomo\u015bci ochrony lotnictwa cywilnego zgodnie z pkt 11.2.7. za\u0142\u0105cznika do rozporz\u0105dzenia 2015\/1998 oraz \u00a72 pkt 1 Krajowego Programu Szkolenia (KPS)<\/p>\n            <a class=\"btn btn-primary\" href=\"https:\/\/avsec.pl\/en\/training\/general-training\/\">\n                Read more            <\/a>\n        <\/div>\n    <\/div>\n    <\/article><article class=\"b-service\">\n    <div class=\"b-service__image\">\n        <a href=\"https:\/\/avsec.pl\/en\/training\/training-of-persons-requiring-general-security-awareness\/\">\n                            <img loading=\"lazy\" decoding=\"async\" width=\"1024\" height=\"747\" src=\"https:\/\/avsec.pl\/wp-content\/uploads\/2025\/10\/Szkolenie-ogolne.png\" class=\"attachment-full size-full wp-post-image\" alt=\"\" srcset=\"https:\/\/avsec.pl\/wp-content\/uploads\/2025\/10\/Szkolenie-ogolne.png 1024w, https:\/\/avsec.pl\/wp-content\/uploads\/2025\/10\/Szkolenie-ogolne-300x219.png 300w, https:\/\/avsec.pl\/wp-content\/uploads\/2025\/10\/Szkolenie-ogolne-768x560.png 768w\" sizes=\"auto, (max-width: 1024px) 100vw, 1024px\" \/>                    <\/a>\n    <\/div>\n    <div class=\"b-service-conent\">\n                    <h2>\n                <a href=\"https:\/\/avsec.pl\/en\/training\/training-of-persons-requiring-general-security-awareness\/\">\n                    Training of Persons Requiring General Security Awareness                <\/a>\n            <\/h2>\n                <div class=\"b-service-conent__button\">\n            <p>Training of persons requiring general security awareness (GSAT) in accordance with point 11.2.7 of the Annex to Regulation 2015\/1998 and \u00a72 point 1 of the National Civil Aviation Security Training Programme (NCASTP, in polish KPS)<\/p>\n            <a class=\"btn btn-primary\" href=\"https:\/\/avsec.pl\/en\/training\/training-of-persons-requiring-general-security-awareness\/\">\n                Read more            <\/a>\n        <\/div>\n    <\/div>\n    <\/article><\/div>\n\n\n\n<h3 class=\"wp-block-heading\"><\/h3>\n","protected":false},"excerpt":{"rendered":"","protected":false},"author":2,"featured_media":0,"parent":0,"menu_order":0,"comment_status":"closed","ping_status":"closed","template":"","meta":{"_acf_changed":false,"footnotes":""},"class_list":["post-1753","page","type-page","status-publish","hentry"],"acf":[],"yoast_head":"<!-- This site is optimized with the Yoast SEO plugin v27.0 - https:\/\/yoast.com\/product\/yoast-seo-wordpress\/ -->\n<title>Training - Avsec<\/title>\n<meta name=\"robots\" content=\"index, follow, max-snippet:-1, max-image-preview:large, max-video-preview:-1\" \/>\n<link rel=\"canonical\" href=\"https:\/\/avsec.pl\/en\/training\/\" \/>\n<meta property=\"og:locale\" content=\"en_US\" \/>\n<meta property=\"og:type\" content=\"article\" \/>\n<meta property=\"og:title\" content=\"Training - Avsec\" \/>\n<meta property=\"og:url\" content=\"https:\/\/avsec.pl\/en\/training\/\" \/>\n<meta property=\"og:site_name\" content=\"Avsec\" \/>\n<meta property=\"article:modified_time\" content=\"2025-12-11T08:29:57+00:00\" \/>\n<meta name=\"twitter:card\" content=\"summary_large_image\" \/>\n<meta name=\"twitter:label1\" content=\"Est. reading time\" \/>\n\t<meta name=\"twitter:data1\" content=\"1 minute\" \/>\n<script type=\"application\/ld+json\" class=\"yoast-schema-graph\">{\"@context\":\"https:\/\/schema.org\",\"@graph\":[{\"@type\":\"WebPage\",\"@id\":\"https:\/\/avsec.pl\/en\/training\/\",\"url\":\"https:\/\/avsec.pl\/en\/training\/\",\"name\":\"Training - Avsec\",\"isPartOf\":{\"@id\":\"https:\/\/avsec.pl\/en\/#website\"},\"datePublished\":\"2019-04-01T08:37:07+00:00\",\"dateModified\":\"2025-12-11T08:29:57+00:00\",\"breadcrumb\":{\"@id\":\"https:\/\/avsec.pl\/en\/training\/#breadcrumb\"},\"inLanguage\":\"en-US\",\"potentialAction\":[{\"@type\":\"ReadAction\",\"target\":[\"https:\/\/avsec.pl\/en\/training\/\"]}]},{\"@type\":\"BreadcrumbList\",\"@id\":\"https:\/\/avsec.pl\/en\/training\/#breadcrumb\",\"itemListElement\":[{\"@type\":\"ListItem\",\"position\":1,\"name\":\"Home\",\"item\":\"https:\/\/avsec.pl\/en\/\"},{\"@type\":\"ListItem\",\"position\":2,\"name\":\"Training\"}]},{\"@type\":\"WebSite\",\"@id\":\"https:\/\/avsec.pl\/en\/#website\",\"url\":\"https:\/\/avsec.pl\/en\/\",\"name\":\"Avsec\",\"description\":\"Ochrona lotnictwa cywilnego\",\"publisher\":{\"@id\":\"https:\/\/avsec.pl\/en\/#organization\"},\"potentialAction\":[{\"@type\":\"SearchAction\",\"target\":{\"@type\":\"EntryPoint\",\"urlTemplate\":\"https:\/\/avsec.pl\/en\/?s={search_term_string}\"},\"query-input\":{\"@type\":\"PropertyValueSpecification\",\"valueRequired\":true,\"valueName\":\"search_term_string\"}}],\"inLanguage\":\"en-US\"},{\"@type\":\"Organization\",\"@id\":\"https:\/\/avsec.pl\/en\/#organization\",\"name\":\"Avsec\",\"url\":\"https:\/\/avsec.pl\/en\/\",\"logo\":{\"@type\":\"ImageObject\",\"inLanguage\":\"en-US\",\"@id\":\"https:\/\/avsec.pl\/en\/#\/schema\/logo\/image\/\",\"url\":\"https:\/\/avsec.pl\/wp-content\/uploads\/2025\/11\/cropped-logo-niebieskie-01-e1763393829343.png\",\"contentUrl\":\"https:\/\/avsec.pl\/wp-content\/uploads\/2025\/11\/cropped-logo-niebieskie-01-e1763393829343.png\",\"width\":1425,\"height\":237,\"caption\":\"Avsec\"},\"image\":{\"@id\":\"https:\/\/avsec.pl\/en\/#\/schema\/logo\/image\/\"}}]}<\/script>\n<!-- \/ Yoast SEO plugin. -->","yoast_head_json":{"title":"Training - Avsec","robots":{"index":"index","follow":"follow","max-snippet":"max-snippet:-1","max-image-preview":"max-image-preview:large","max-video-preview":"max-video-preview:-1"},"canonical":"https:\/\/avsec.pl\/en\/training\/","og_locale":"en_US","og_type":"article","og_title":"Training - Avsec","og_url":"https:\/\/avsec.pl\/en\/training\/","og_site_name":"Avsec","article_modified_time":"2025-12-11T08:29:57+00:00","twitter_card":"summary_large_image","twitter_misc":{"Est. reading time":"1 minute"},"schema":{"@context":"https:\/\/schema.org","@graph":[{"@type":"WebPage","@id":"https:\/\/avsec.pl\/en\/training\/","url":"https:\/\/avsec.pl\/en\/training\/","name":"Training - Avsec","isPartOf":{"@id":"https:\/\/avsec.pl\/en\/#website"},"datePublished":"2019-04-01T08:37:07+00:00","dateModified":"2025-12-11T08:29:57+00:00","breadcrumb":{"@id":"https:\/\/avsec.pl\/en\/training\/#breadcrumb"},"inLanguage":"en-US","potentialAction":[{"@type":"ReadAction","target":["https:\/\/avsec.pl\/en\/training\/"]}]},{"@type":"BreadcrumbList","@id":"https:\/\/avsec.pl\/en\/training\/#breadcrumb","itemListElement":[{"@type":"ListItem","position":1,"name":"Home","item":"https:\/\/avsec.pl\/en\/"},{"@type":"ListItem","position":2,"name":"Training"}]},{"@type":"WebSite","@id":"https:\/\/avsec.pl\/en\/#website","url":"https:\/\/avsec.pl\/en\/","name":"Avsec","description":"Ochrona lotnictwa cywilnego","publisher":{"@id":"https:\/\/avsec.pl\/en\/#organization"},"potentialAction":[{"@type":"SearchAction","target":{"@type":"EntryPoint","urlTemplate":"https:\/\/avsec.pl\/en\/?s={search_term_string}"},"query-input":{"@type":"PropertyValueSpecification","valueRequired":true,"valueName":"search_term_string"}}],"inLanguage":"en-US"},{"@type":"Organization","@id":"https:\/\/avsec.pl\/en\/#organization","name":"Avsec","url":"https:\/\/avsec.pl\/en\/","logo":{"@type":"ImageObject","inLanguage":"en-US","@id":"https:\/\/avsec.pl\/en\/#\/schema\/logo\/image\/","url":"https:\/\/avsec.pl\/wp-content\/uploads\/2025\/11\/cropped-logo-niebieskie-01-e1763393829343.png","contentUrl":"https:\/\/avsec.pl\/wp-content\/uploads\/2025\/11\/cropped-logo-niebieskie-01-e1763393829343.png","width":1425,"height":237,"caption":"Avsec"},"image":{"@id":"https:\/\/avsec.pl\/en\/#\/schema\/logo\/image\/"}}]}},"_links":{"self":[{"href":"https:\/\/avsec.pl\/en\/wp-json\/wp\/v2\/pages\/1753","targetHints":{"allow":["GET"]}}],"collection":[{"href":"https:\/\/avsec.pl\/en\/wp-json\/wp\/v2\/pages"}],"about":[{"href":"https:\/\/avsec.pl\/en\/wp-json\/wp\/v2\/types\/page"}],"author":[{"embeddable":true,"href":"https:\/\/avsec.pl\/en\/wp-json\/wp\/v2\/users\/2"}],"replies":[{"embeddable":true,"href":"https:\/\/avsec.pl\/en\/wp-json\/wp\/v2\/comments?post=1753"}],"version-history":[{"count":5,"href":"https:\/\/avsec.pl\/en\/wp-json\/wp\/v2\/pages\/1753\/revisions"}],"predecessor-version":[{"id":2194,"href":"https:\/\/avsec.pl\/en\/wp-json\/wp\/v2\/pages\/1753\/revisions\/2194"}],"wp:attachment":[{"href":"https:\/\/avsec.pl\/en\/wp-json\/wp\/v2\/media?parent=1753"}],"curies":[{"name":"wp","href":"https:\/\/api.w.org\/{rel}","templated":true}]}}